{"id":501,"date":"2026-01-14T23:46:45","date_gmt":"2026-01-14T23:46:45","guid":{"rendered":"https:\/\/ellasvenden.com\/blog\/?page_id=501"},"modified":"2026-01-16T20:02:21","modified_gmt":"2026-01-16T20:02:21","slug":"casas-en-venta-en-satelite","status":"publish","type":"page","link":"https:\/\/ellasvenden.com\/blog\/casas-en-venta-en-satelite\/","title":{"rendered":"Casas en venta en Satelite"},"content":{"rendered":"<p>[et_pb_section fb_built=\u00bb1&#8243; custom_padding_last_edited=\u00bbon|phone\u00bb admin_label=\u00bbHeader\u00bb _builder_version=\u00bb4.27.5&#8243; _module_preset=\u00bbcc62c0b0-424a-45b5-a1f5-c5ff1bd58b46&#8243; background_enable_color=\u00bboff\u00bb background_image=\u00bbhttps:\/\/ellasvenden.com\/blog\/wp-content\/uploads\/real-estate-22.jpg\u00bb custom_padding=\u00bb6vw||6vw||true|false\u00bb custom_padding_tablet=\u00bb20vw||0px||false|false\u00bb custom_padding_phone=\u00bb20vw||0px||false|false\u00bb global_colors_info=\u00bb{}\u00bb][et_pb_row _builder_version=\u00bb4.27.5&#8243; _module_preset=\u00bb6a199991-94fa-4246-8d4b-00c6372bdc33&#8243; global_colors_info=\u00bb{}\u00bb][et_pb_column type=\u00bb4_4&#8243; _builder_version=\u00bb4.25.2&#8243; _module_preset=\u00bbdefault\u00bb global_colors_info=\u00bb{}\u00bb][et_pb_heading title=\u00bbEllas Venden &#8211; ASesores Inmobiliarios\u00bb _builder_version=\u00bb4.27.5&#8243; _module_preset=\u00bb80d3d43c-2a66-4084-943e-7dd2413ebeff\u00bb title_text_color=\u00bb#FFFFFF\u00bb global_colors_info=\u00bb{}\u00bb][\/et_pb_heading][et_pb_heading title=\u00bbCasas en Venta en Sat\u00e9lite\u00bb _builder_version=\u00bb4.27.5&#8243; _module_preset=\u00bb3ecd76c2-3152-4cef-9d45-932d47690cfc\u00bb title_text_color=\u00bb#FFFFFF\u00bb max_width=\u00bb1080px\u00bb global_colors_info=\u00bb{}\u00bb][\/et_pb_heading][\/et_pb_column][\/et_pb_row][\/et_pb_section][et_pb_section fb_built=\u00bb1&#8243; admin_label=\u00bbAbout\u00bb _builder_version=\u00bb4.25.2&#8243; _module_preset=\u00bbdefault\u00bb background_color=\u00bbgcid-b6c4f12c-f25d-4f61-9fb1-6e96404634cd\u00bb global_colors_info=\u00bb{%22gcid-b6c4f12c-f25d-4f61-9fb1-6e96404634cd%22:%91%22background_color%22%93}\u00bb][et_pb_row column_structure=\u00bb1_2,1_2&#8243; _builder_version=\u00bb4.25.2&#8243; _module_preset=\u00bb6a199991-94fa-4246-8d4b-00c6372bdc33&#8243; global_colors_info=\u00bb{}\u00bb][et_pb_column type=\u00bb1_2&#8243; _builder_version=\u00bb4.25.2&#8243; _module_preset=\u00bbdefault\u00bb global_colors_info=\u00bb{}\u00bb][et_pb_heading title=\u00bbSat\u00e9lite\u00bb _builder_version=\u00bb4.27.5&#8243; _module_preset=\u00bb80d3d43c-2a66-4084-943e-7dd2413ebeff\u00bb title_text_color=\u00bbgcid-b70c6ec4-3d09-43b5-80df-154e6e990bf3&#8243; global_colors_info=\u00bb{%22gcid-b70c6ec4-3d09-43b5-80df-154e6e990bf3%22:%91%22title_text_color%22%93}\u00bb][\/et_pb_heading][et_pb_text _builder_version=\u00bb4.27.5&#8243; _module_preset=\u00bb70523ed9-6cf6-45fa-8c26-3b44576e306b\u00bb max_width=\u00bb625px\u00bb global_colors_info=\u00bb{}\u00bb]<\/p>\n<p>Sat\u00e9lite es una zona residencial reconocida por su ubicaci\u00f3n estrat\u00e9gica y su ambiente tranquilo. Las casas en venta en Sat\u00e9lite ofrecen una excelente opci\u00f3n para quienes buscan vivir en una colonia consolidada, con f\u00e1cil acceso a servicios y vialidades importantes.<\/p>\n<p>[\/et_pb_text][\/et_pb_column][et_pb_column type=\u00bb1_2&#8243; _builder_version=\u00bb4.25.2&#8243; _module_preset=\u00bbdefault\u00bb global_colors_info=\u00bb{}\u00bb][et_pb_image src=\u00bbhttps:\/\/ellasvenden.com\/blog\/wp-content\/uploads\/casas-en-venta-en-satelite.jpg\u00bb _builder_version=\u00bb4.27.5&#8243; _module_preset=\u00bbdefault\u00bb hover_enabled=\u00bb0&#8243; global_colors_info=\u00bb{}\u00bb title_text=\u00bbcasas-en-venta-en-satelite\u00bb sticky_enabled=\u00bb0&#8243;][\/et_pb_image][\/et_pb_column][\/et_pb_row][\/et_pb_section][et_pb_section fb_built=\u00bb1&#8243; admin_label=\u00bbAbout\u00bb _builder_version=\u00bb4.27.5&#8243; _module_preset=\u00bbdefault\u00bb background_enable_color=\u00bboff\u00bb global_colors_info=\u00bb{%22gcid-b6c4f12c-f25d-4f61-9fb1-6e96404634cd%22:%91%22background_color%22%93}\u00bb][et_pb_row column_structure=\u00bb1_2,1_2&#8243; _builder_version=\u00bb4.27.5&#8243; _module_preset=\u00bb6a199991-94fa-4246-8d4b-00c6372bdc33&#8243; global_colors_info=\u00bb{}\u00bb][et_pb_column type=\u00bb1_2&#8243; _builder_version=\u00bb4.25.2&#8243; _module_preset=\u00bbdefault\u00bb global_colors_info=\u00bb{}\u00bb][et_pb_image src=\u00bbhttps:\/\/ellasvenden.com\/blog\/wp-content\/uploads\/casas-en-venta-en-satelite-1.jpg\u00bb _builder_version=\u00bb4.27.5&#8243; _module_preset=\u00bbdefault\u00bb hover_enabled=\u00bb0&#8243; global_colors_info=\u00bb{}\u00bb title_text=\u00bbcasas-en-venta-en-satelite-1&#8243; sticky_enabled=\u00bb0&#8243;][\/et_pb_image][\/et_pb_column][et_pb_column type=\u00bb1_2&#8243; _builder_version=\u00bb4.25.2&#8243; _module_preset=\u00bbdefault\u00bb global_colors_info=\u00bb{}\u00bb][et_pb_heading title=\u00bbVivir en Sat\u00e9lite\u00bb _builder_version=\u00bb4.27.5&#8243; _module_preset=\u00bb80d3d43c-2a66-4084-943e-7dd2413ebeff\u00bb title_text_color=\u00bbgcid-b70c6ec4-3d09-43b5-80df-154e6e990bf3&#8243; global_colors_info=\u00bb{%22gcid-b70c6ec4-3d09-43b5-80df-154e6e990bf3%22:%91%22title_text_color%22%93}\u00bb][\/et_pb_heading][et_pb_text _builder_version=\u00bb4.27.5&#8243; _module_preset=\u00bb70523ed9-6cf6-45fa-8c26-3b44576e306b\u00bb max_width=\u00bb625px\u00bb global_colors_info=\u00bb{}\u00bb]<\/p>\n<p>Sat\u00e9lite destaca por su cercan\u00eda a centros comerciales, escuelas y avenidas principales. Es una zona que ha mantenido su atractivo residencial a lo largo del tiempo.<\/p>\n<p>[\/et_pb_text][\/et_pb_column][\/et_pb_row][\/et_pb_section][et_pb_section fb_built=\u00bb1&#8243; admin_label=\u00bbAbout\u00bb _builder_version=\u00bb4.27.5&#8243; _module_preset=\u00bbdefault\u00bb background_enable_color=\u00bboff\u00bb global_colors_info=\u00bb{%22gcid-b6c4f12c-f25d-4f61-9fb1-6e96404634cd%22:%91%22background_color%22%93}\u00bb][et_pb_row column_structure=\u00bb1_2,1_2&#8243; _builder_version=\u00bb4.27.5&#8243; _module_preset=\u00bb6a199991-94fa-4246-8d4b-00c6372bdc33&#8243; global_colors_info=\u00bb{}\u00bb][et_pb_column type=\u00bb1_2&#8243; _builder_version=\u00bb4.25.2&#8243; _module_preset=\u00bbdefault\u00bb global_colors_info=\u00bb{}\u00bb][et_pb_heading title=\u00bb\u00bfPara qui\u00e9n es ideal vivir en Sat\u00e9lite?\u00bb _builder_version=\u00bb4.27.5&#8243; _module_preset=\u00bbe883af29-54ed-4037-bbd7-ef8892a9d9c5&#8243; title_level=\u00bbh2&#8243; locked=\u00bboff\u00bb global_colors_info=\u00bb{}\u00bb][\/et_pb_heading][\/et_pb_column][et_pb_column type=\u00bb1_2&#8243; _builder_version=\u00bb4.25.2&#8243; _module_preset=\u00bbdefault\u00bb global_colors_info=\u00bb{}\u00bb][et_pb_heading title=\u00bbEsta zona es ideal para:\u00bb _builder_version=\u00bb4.27.5&#8243; _module_preset=\u00bb80d3d43c-2a66-4084-943e-7dd2413ebeff\u00bb title_text_color=\u00bbgcid-b70c6ec4-3d09-43b5-80df-154e6e990bf3&#8243; global_colors_info=\u00bb{%22gcid-b70c6ec4-3d09-43b5-80df-154e6e990bf3%22:%91%22title_text_color%22%93}\u00bb][\/et_pb_heading][et_pb_text _builder_version=\u00bb4.27.5&#8243; _module_preset=\u00bb70523ed9-6cf6-45fa-8c26-3b44576e306b\u00bb max_width=\u00bb625px\u00bb global_colors_info=\u00bb{}\u00bb]<\/p>\n<ul>\n<li>\n<p>Familias<\/p>\n<\/li>\n<li>\n<p>Compradores que buscan estabilidad<\/p>\n<\/li>\n<li>\n<p>Personas que desean colonias consolidadas<\/p>\n<\/li>\n<li>\n<p>Inversionistas de perfil conservador<\/p>\n<\/li>\n<\/ul>\n<p>[\/et_pb_text][\/et_pb_column][\/et_pb_row][\/et_pb_section][et_pb_section fb_built=\u00bb1&#8243; admin_label=\u00bbFeatures\u00bb _builder_version=\u00bb4.25.2&#8243; _module_preset=\u00bbdefault\u00bb background_color=\u00bbgcid-b6c4f12c-f25d-4f61-9fb1-6e96404634cd\u00bb global_colors_info=\u00bb{%22gcid-b6c4f12c-f25d-4f61-9fb1-6e96404634cd%22:%91%22background_color%22%93}\u00bb][et_pb_row _builder_version=\u00bb4.25.2&#8243; _module_preset=\u00bb6a199991-94fa-4246-8d4b-00c6372bdc33&#8243; global_colors_info=\u00bb{}\u00bb][et_pb_column type=\u00bb4_4&#8243; _builder_version=\u00bb4.25.2&#8243; _module_preset=\u00bbdefault\u00bb global_colors_info=\u00bb{}\u00bb][et_pb_heading title=\u00bbEllas Venden &#8211; asesores inmobiliarios\u00bb _builder_version=\u00bb4.27.5&#8243; _module_preset=\u00bb80d3d43c-2a66-4084-943e-7dd2413ebeff\u00bb title_text_color=\u00bbgcid-b70c6ec4-3d09-43b5-80df-154e6e990bf3&#8243; global_colors_info=\u00bb{%22gcid-b70c6ec4-3d09-43b5-80df-154e6e990bf3%22:%91%22title_text_color%22%93}\u00bb][\/et_pb_heading][et_pb_heading title=\u00bb\u00bfQue tipos de casas se encuentran en Sat\u00e9lite?\u00bb _builder_version=\u00bb4.27.5&#8243; _module_preset=\u00bb2e0253a0-3b34-4a37-ba7c-511333479df0&#8243; global_colors_info=\u00bb{}\u00bb][\/et_pb_heading][\/et_pb_column][\/et_pb_row][et_pb_row column_structure=\u00bb1_4,1_4,1_4,1_4&#8243; _builder_version=\u00bb4.27.5&#8243; _module_preset=\u00bb6a199991-94fa-4246-8d4b-00c6372bdc33&#8243; global_colors_info=\u00bb{}\u00bb][et_pb_column type=\u00bb1_4&#8243; _builder_version=\u00bb4.25.2&#8243; _module_preset=\u00bbdefault\u00bb global_colors_info=\u00bb{}\u00bb][et_pb_blurb title=\u00bbCasas familiares\u00bb use_icon=\u00bbon\u00bb font_icon=\u00bb&#x52;||divi||400&#8243; _builder_version=\u00bb4.27.5&#8243; _module_preset=\u00bb35df8b64-688d-4394-9b34-a3d626d100db\u00bb custom_margin=\u00bb||20px||false|false\u00bb global_colors_info=\u00bb{%22gcid-b70c6ec4-3d09-43b5-80df-154e6e990bf3%22:%91%22image_icon_background_color%22,%22image_icon_background_color%22,%22image_icon_background_color%22,%22image_icon_background_color%22,%22image_icon_background_color%22,%22image_icon_background_color%22,%22image_icon_background_color%22%93,%22gcid-2ebbc52c-9ee6-4712-a077-fcaec9b98540%22:%91%22body_quote_border_color%22,%22body_quote_text_color%22,%22link_text_color%22,%22quote_text_color%22,%22quote_border_color%22,%22body_link_text_color%22,%22body_quote_border_color%22,%22body_quote_border_color%22,%22body_quote_text_color%22,%22link_text_color%22,%22quote_text_color%22,%22quote_border_color%22%93}\u00bb][\/et_pb_blurb][\/et_pb_column][et_pb_column type=\u00bb1_4&#8243; _builder_version=\u00bb4.25.2&#8243; _module_preset=\u00bbdefault\u00bb global_colors_info=\u00bb{}\u00bb][et_pb_blurb title=\u00bbResidencias tradicionales\u00bb use_icon=\u00bbon\u00bb font_icon=\u00bb&#x52;||divi||400&#8243; _builder_version=\u00bb4.27.5&#8243; _module_preset=\u00bb35df8b64-688d-4394-9b34-a3d626d100db\u00bb custom_margin=\u00bb||20px||false|false\u00bb locked=\u00bboff\u00bb global_colors_info=\u00bb{%22gcid-b70c6ec4-3d09-43b5-80df-154e6e990bf3%22:%91%22image_icon_background_color%22,%22image_icon_background_color%22,%22image_icon_background_color%22,%22image_icon_background_color%22,%22image_icon_background_color%22,%22image_icon_background_color%22,%22image_icon_background_color%22,%22image_icon_background_color%22,%22image_icon_background_color%22,%22image_icon_background_color%22,%22image_icon_background_color%22%93,%22gcid-2ebbc52c-9ee6-4712-a077-fcaec9b98540%22:%91%22body_quote_border_color%22,%22body_quote_text_color%22,%22link_text_color%22,%22quote_text_color%22,%22quote_border_color%22,%22body_link_text_color%22,%22body_quote_border_color%22,%22body_quote_border_color%22,%22body_quote_text_color%22,%22link_text_color%22,%22quote_text_color%22,%22quote_border_color%22,%22body_quote_border_color%22,%22body_quote_text_color%22,%22link_text_color%22,%22quote_text_color%22,%22quote_border_color%22,%22body_link_text_color%22,%22body_quote_border_color%22%93}\u00bb][\/et_pb_blurb][\/et_pb_column][et_pb_column type=\u00bb1_4&#8243; _builder_version=\u00bb4.25.2&#8243; _module_preset=\u00bbdefault\u00bb global_colors_info=\u00bb{}\u00bb][et_pb_blurb title=\u00bbPropiedades remodeladas\u00bb use_icon=\u00bbon\u00bb font_icon=\u00bb&#x52;||divi||400&#8243; _builder_version=\u00bb4.27.5&#8243; _module_preset=\u00bb35df8b64-688d-4394-9b34-a3d626d100db\u00bb custom_margin=\u00bb||20px||false|false\u00bb locked=\u00bboff\u00bb global_colors_info=\u00bb{%22gcid-b70c6ec4-3d09-43b5-80df-154e6e990bf3%22:%91%22image_icon_background_color%22,%22image_icon_background_color%22,%22image_icon_background_color%22,%22image_icon_background_color%22,%22image_icon_background_color%22,%22image_icon_background_color%22,%22image_icon_background_color%22,%22image_icon_background_color%22,%22image_icon_background_color%22,%22image_icon_background_color%22,%22image_icon_background_color%22%93,%22gcid-2ebbc52c-9ee6-4712-a077-fcaec9b98540%22:%91%22body_quote_border_color%22,%22body_quote_text_color%22,%22link_text_color%22,%22quote_text_color%22,%22quote_border_color%22,%22body_link_text_color%22,%22body_quote_border_color%22,%22body_quote_border_color%22,%22body_quote_text_color%22,%22link_text_color%22,%22quote_text_color%22,%22quote_border_color%22,%22body_quote_border_color%22,%22body_quote_text_color%22,%22link_text_color%22,%22quote_text_color%22,%22quote_border_color%22,%22body_link_text_color%22,%22body_quote_border_color%22%93}\u00bb][\/et_pb_blurb][\/et_pb_column][et_pb_column type=\u00bb1_4&#8243; _builder_version=\u00bb4.25.2&#8243; _module_preset=\u00bbdefault\u00bb global_colors_info=\u00bb{}\u00bb][et_pb_blurb title=\u00bbCasas en calles tranquilas\u00bb use_icon=\u00bbon\u00bb font_icon=\u00bb&#x52;||divi||400&#8243; _builder_version=\u00bb4.27.5&#8243; _module_preset=\u00bb35df8b64-688d-4394-9b34-a3d626d100db\u00bb custom_margin=\u00bb||20px||false|false\u00bb locked=\u00bboff\u00bb global_colors_info=\u00bb{%22gcid-b70c6ec4-3d09-43b5-80df-154e6e990bf3%22:%91%22image_icon_background_color%22,%22image_icon_background_color%22,%22image_icon_background_color%22,%22image_icon_background_color%22,%22image_icon_background_color%22,%22image_icon_background_color%22,%22image_icon_background_color%22,%22image_icon_background_color%22,%22image_icon_background_color%22,%22image_icon_background_color%22,%22image_icon_background_color%22%93,%22gcid-2ebbc52c-9ee6-4712-a077-fcaec9b98540%22:%91%22body_quote_border_color%22,%22body_quote_text_color%22,%22link_text_color%22,%22quote_text_color%22,%22quote_border_color%22,%22body_link_text_color%22,%22body_quote_border_color%22,%22body_quote_border_color%22,%22body_quote_text_color%22,%22link_text_color%22,%22quote_text_color%22,%22quote_border_color%22,%22body_quote_border_color%22,%22body_quote_text_color%22,%22link_text_color%22,%22quote_text_color%22,%22quote_border_color%22,%22body_link_text_color%22,%22body_quote_border_color%22%93}\u00bb][\/et_pb_blurb][\/et_pb_column][\/et_pb_row][\/et_pb_section][et_pb_section fb_built=\u00bb1&#8243; admin_label=\u00bbAbout\u00bb _builder_version=\u00bb4.25.2&#8243; _module_preset=\u00bbdefault\u00bb background_color=\u00bbgcid-b6c4f12c-f25d-4f61-9fb1-6e96404634cd\u00bb global_colors_info=\u00bb{%22gcid-b6c4f12c-f25d-4f61-9fb1-6e96404634cd%22:%91%22background_color%22%93}\u00bb][et_pb_row column_structure=\u00bb1_2,1_2&#8243; _builder_version=\u00bb4.25.2&#8243; _module_preset=\u00bb6a199991-94fa-4246-8d4b-00c6372bdc33&#8243; global_colors_info=\u00bb{}\u00bb][et_pb_column type=\u00bb1_2&#8243; _builder_version=\u00bb4.25.2&#8243; _module_preset=\u00bbdefault\u00bb global_colors_info=\u00bb{}\u00bb][et_pb_heading title=\u00bbPreguntas frecuentes\u00bb _builder_version=\u00bb4.27.5&#8243; _module_preset=\u00bb80d3d43c-2a66-4084-943e-7dd2413ebeff\u00bb title_text_color=\u00bbgcid-b70c6ec4-3d09-43b5-80df-154e6e990bf3&#8243; global_colors_info=\u00bb{%22gcid-b70c6ec4-3d09-43b5-80df-154e6e990bf3%22:%91%22title_text_color%22%93}\u00bb][\/et_pb_heading][et_pb_heading title=\u00bbPreguntas frecuentes sobre casas en venta en Sat\u00e9lite\u00bb _builder_version=\u00bb4.27.5&#8243; _module_preset=\u00bb2e0253a0-3b34-4a37-ba7c-511333479df0&#8243; global_colors_info=\u00bb{}\u00bb][\/et_pb_heading][et_pb_accordion _builder_version=\u00bb4.27.5&#8243; _module_preset=\u00bba9bca784-7132-4fd0-94b9-fecf916b194e\u00bb global_colors_info=\u00bb{%22gcid-53054839-b83d-4ef0-8659-8a010e6148fd%22:%91%22toggle_text_color%22,%22open_toggle_text_color%22%93}\u00bb][et_pb_accordion_item title=\u00bb\u00bfSat\u00e9lite es una zona segura para vivir?\u00bb open=\u00bbon\u00bb _builder_version=\u00bb4.27.5&#8243; _module_preset=\u00bb5ea46231-9eb2-4c5f-a73e-cb5bae8d1c99&#8243; global_colors_info=\u00bb{}\u00bb]<\/p>\n<p>Es considerada una zona residencial tranquila.<\/p>\n<p>[\/et_pb_accordion_item][et_pb_accordion_item title=\u00bb\u00bfTiene buena ubicaci\u00f3n?\u00bb _builder_version=\u00bb4.27.5&#8243; _module_preset=\u00bb5ea46231-9eb2-4c5f-a73e-cb5bae8d1c99&#8243; global_colors_info=\u00bb{}\u00bb open=\u00bboff\u00bb]<\/p>\n<p>S\u00ed, cuenta con accesos r\u00e1pidos a vialidades principales.<\/p>\n<p>[\/et_pb_accordion_item][et_pb_accordion_item title=\u00bb\u00bfHay servicios cerca?\u00bb _builder_version=\u00bb4.27.5&#8243; _module_preset=\u00bb5ea46231-9eb2-4c5f-a73e-cb5bae8d1c99&#8243; global_colors_info=\u00bb{}\u00bb open=\u00bboff\u00bb]<\/p>\n<p>S\u00ed, escuelas, comercios y servicios b\u00e1sicos.<\/p>\n<p>[\/et_pb_accordion_item][et_pb_accordion_item title=\u00bb\u00bfEs buena opci\u00f3n para familias?\u00bb _builder_version=\u00bb4.27.5&#8243; _module_preset=\u00bb5ea46231-9eb2-4c5f-a73e-cb5bae8d1c99&#8243; global_colors_info=\u00bb{}\u00bb open=\u00bboff\u00bb]<\/p>\n<p>S\u00ed, por su entorno y caracter\u00edsticas residenciales.<\/p>\n<p>[\/et_pb_accordion_item][\/et_pb_accordion][\/et_pb_column][et_pb_column type=\u00bb1_2&#8243; _builder_version=\u00bb4.25.2&#8243; _module_preset=\u00bbdefault\u00bb global_colors_info=\u00bb{}\u00bb][et_pb_image src=\u00bbhttps:\/\/ellasvenden.com\/blog\/wp-content\/uploads\/real-estate-17.jpg\u00bb title_text=\u00bbreal-estate-17&#8243; _builder_version=\u00bb4.25.2&#8243; _module_preset=\u00bbdefault\u00bb global_colors_info=\u00bb{}\u00bb][\/et_pb_image][\/et_pb_column][\/et_pb_row][\/et_pb_section][et_pb_section fb_built=\u00bb1&#8243; admin_label=\u00bbAbout\u00bb _builder_version=\u00bb4.27.5&#8243; _module_preset=\u00bbdefault\u00bb background_enable_color=\u00bboff\u00bb global_colors_info=\u00bb{%22gcid-b6c4f12c-f25d-4f61-9fb1-6e96404634cd%22:%91%22background_color%22%93}\u00bb][et_pb_row _builder_version=\u00bb4.27.5&#8243; _module_preset=\u00bb6a199991-94fa-4246-8d4b-00c6372bdc33&#8243; global_colors_info=\u00bb{}\u00bb][et_pb_column type=\u00bb4_4&#8243; _builder_version=\u00bb4.25.2&#8243; _module_preset=\u00bbdefault\u00bb global_colors_info=\u00bb{}\u00bb][et_pb_button button_url=\u00bbhttps:\/\/ellasvenden.com\/\u00bb button_text=\u00bbConoce nuestras propiedades\u00bb button_alignment=\u00bbcenter\u00bb _builder_version=\u00bb4.27.5&#8243; _module_preset=\u00bbdefault\u00bb custom_button=\u00bbon\u00bb button_text_color=\u00bb#FFFFFF\u00bb button_bg_color=\u00bb#b50307&#8243; button_border_width=\u00bb0px\u00bb global_colors_info=\u00bb{}\u00bb][\/et_pb_button][\/et_pb_column][\/et_pb_row][\/et_pb_section]<\/p>\n","protected":false},"excerpt":{"rendered":"<p>Sat\u00e9lite es una zona residencial reconocida por su ubicaci\u00f3n estrat\u00e9gica y su ambiente tranquilo. Las casas en venta en Sat\u00e9lite ofrecen una excelente opci\u00f3n para quienes buscan vivir en una colonia consolidada, con f\u00e1cil acceso a servicios y vialidades importantes.Sat\u00e9lite destaca por su cercan\u00eda a centros comerciales, escuelas y avenidas principales. Es una zona que [&hellip;]<\/p>\n","protected":false},"author":1,"featured_media":0,"parent":0,"menu_order":0,"comment_status":"closed","ping_status":"closed","template":"","meta":{"_et_pb_use_builder":"on","_et_pb_old_content":"","_et_gb_content_width":"","footnotes":""},"class_list":["post-501","page","type-page","status-publish","hentry"],"_links":{"self":[{"href":"https:\/\/ellasvenden.com\/blog\/wp-json\/wp\/v2\/pages\/501","targetHints":{"allow":["GET"]}}],"collection":[{"href":"https:\/\/ellasvenden.com\/blog\/wp-json\/wp\/v2\/pages"}],"about":[{"href":"https:\/\/ellasvenden.com\/blog\/wp-json\/wp\/v2\/types\/page"}],"author":[{"embeddable":true,"href":"https:\/\/ellasvenden.com\/blog\/wp-json\/wp\/v2\/users\/1"}],"replies":[{"embeddable":true,"href":"https:\/\/ellasvenden.com\/blog\/wp-json\/wp\/v2\/comments?post=501"}],"version-history":[{"count":5,"href":"https:\/\/ellasvenden.com\/blog\/wp-json\/wp\/v2\/pages\/501\/revisions"}],"predecessor-version":[{"id":536,"href":"https:\/\/ellasvenden.com\/blog\/wp-json\/wp\/v2\/pages\/501\/revisions\/536"}],"wp:attachment":[{"href":"https:\/\/ellasvenden.com\/blog\/wp-json\/wp\/v2\/media?parent=501"}],"curies":[{"name":"wp","href":"https:\/\/api.w.org\/{rel}","templated":true}]}}